{"id":789,"date":"2022-01-25T13:39:06","date_gmt":"2022-01-25T12:39:06","guid":{"rendered":"http:\/\/wordpress.p605156.webspaceconfig.de\/?page_id=789"},"modified":"2022-01-31T09:34:04","modified_gmt":"2022-01-31T08:34:04","slug":"impressum","status":"publish","type":"page","link":"http:\/\/worldpeacematrix.com\/en\/impressum\/","title":{"rendered":"Imprint"},"content":{"rendered":"\t\t<div data-elementor-type=\"wp-page\" data-elementor-id=\"789\" class=\"elementor elementor-789\">\n\t\t\t\t\t\t\t\t\t<section class=\"elementor-section elementor-top-section elementor-element elementor-element-8084a3e elementor-section-boxed elementor-section-height-default elementor-section-height-default\" data-id=\"8084a3e\" data-element_type=\"section\">\n\t\t\t\t\t\t<div class=\"elementor-container elementor-column-gap-default\">\n\t\t\t\t\t<div class=\"elementor-column elementor-col-50 elementor-top-column elementor-element elementor-element-b0c4191\" data-id=\"b0c4191\" data-element_type=\"column\">\n\t\t\t<div class=\"elementor-widget-wrap elementor-element-populated\">\n\t\t\t\t\t\t\t\t<div class=\"elementor-element elementor-element-ea46dbb elementor-widget elementor-widget-heading\" data-id=\"ea46dbb\" data-element_type=\"widget\" data-widget_type=\"heading.default\">\n\t\t\t\t<div class=\"elementor-widget-container\">\n\t\t\t<style>\/*! elementor - v3.9.0 - 06-12-2022 *\/\n.elementor-heading-title{padding:0;margin:0;line-height:1}.elementor-widget-heading .elementor-heading-title[class*=elementor-size-]>a{color:inherit;font-size:inherit;line-height:inherit}.elementor-widget-heading .elementor-heading-title.elementor-size-small{font-size:15px}.elementor-widget-heading .elementor-heading-title.elementor-size-medium{font-size:19px}.elementor-widget-heading .elementor-heading-title.elementor-size-large{font-size:29px}.elementor-widget-heading .elementor-heading-title.elementor-size-xl{font-size:39px}.elementor-widget-heading .elementor-heading-title.elementor-size-xxl{font-size:59px}<\/style><h4 class=\"elementor-heading-title elementor-size-default\">Angaben gem\u00e4\u00df \u00a7 5 TMG:\n<\/h4>\t\t<\/div>\n\t\t\t\t<\/div>\n\t\t\t\t<div class=\"elementor-element elementor-element-fcb1494 elementor-widget elementor-widget-text-editor\" data-id=\"fcb1494\" data-element_type=\"widget\" data-widget_type=\"text-editor.default\">\n\t\t\t\t<div class=\"elementor-widget-container\">\n\t\t\t<style>\/*! elementor - v3.9.0 - 06-12-2022 *\/\n.elementor-widget-text-editor.elementor-drop-cap-view-stacked .elementor-drop-cap{background-color:#818a91;color:#fff}.elementor-widget-text-editor.elementor-drop-cap-view-framed .elementor-drop-cap{color:#818a91;border:3px solid;background-color:transparent}.elementor-widget-text-editor:not(.elementor-drop-cap-view-default) .elementor-drop-cap{margin-top:8px}.elementor-widget-text-editor:not(.elementor-drop-cap-view-default) .elementor-drop-cap-letter{width:1em;height:1em}.elementor-widget-text-editor .elementor-drop-cap{float:left;text-align:center;line-height:1;font-size:50px}.elementor-widget-text-editor .elementor-drop-cap-letter{display:inline-block}<\/style>\t\t\t\t<p>Weltreise durch Wohnzimmer e.V.<br \/>Am Wieksbach 32<br \/>33378 Rheda-Wiedenbr\u00fcck<\/p><p><strong>Vertreten durch:<\/strong><br \/>Catrin Geldmacher, Patricia Brinkrolf, Michael Geldmacher<\/p><p><strong>Kontakt:<\/strong><br \/>Telefon: 0171 3893241<br \/>info@weltreisedurch.de<\/p><p><strong>Registereintr\u00e4ge<\/strong>:<br \/>Der Verein Weltreise durch Wohnzimmer e.V. ist eingetragen im Amtsgericht von G\u00fctersloh, VR 1591.<\/p><p>Die Marke \u201eWeltreise durch Wohnzimmer\u201c ist eingetragen beim Deutschen Patent- und Markenamt unter der Registernummer 302012052657.8.<\/p><p><strong>Verantwortlich f\u00fcr den Inhalt <br \/>nach \u00a7 55 Abs. 2 RStV:<\/strong><br \/>Catrin Geldmacher<br \/>Am Wieksbach 32<br \/>33378 Rheda-Wiedenbr\u00fcck<\/p>\t\t\t\t\t\t<\/div>\n\t\t\t\t<\/div>\n\t\t\t\t\t<\/div>\n\t\t<\/div>\n\t\t\t\t<div class=\"elementor-column elementor-col-50 elementor-top-column elementor-element elementor-element-25a4006\" data-id=\"25a4006\" data-element_type=\"column\">\n\t\t\t<div class=\"elementor-widget-wrap elementor-element-populated\">\n\t\t\t\t\t\t\t\t<div class=\"elementor-element elementor-element-8d32b0a elementor-widget elementor-widget-heading\" data-id=\"8d32b0a\" data-element_type=\"widget\" data-widget_type=\"heading.default\">\n\t\t\t\t<div class=\"elementor-widget-container\">\n\t\t\t<h4 class=\"elementor-heading-title elementor-size-default\">Haftungsausschluss<\/h4>\t\t<\/div>\n\t\t\t\t<\/div>\n\t\t\t\t<div class=\"elementor-element elementor-element-4609d7d elementor-widget elementor-widget-text-editor\" data-id=\"4609d7d\" data-element_type=\"widget\" data-widget_type=\"text-editor.default\">\n\t\t\t\t<div class=\"elementor-widget-container\">\n\t\t\t\t\t\t\t<p><b>Haftung f\u00fcr Inhalte<br \/><\/b><span style=\"color: var( --e-global-color-c3716db ); font-size: 1rem;\">Als Diensteanbieter sind wir gem\u00e4\u00df \u00a7 7 Abs.1 TMG f\u00fcr eigene Inhalte auf diesen Seiten nach den allgemeinen Gesetzen verantwortlich. Nach \u00a7\u00a7 8 bis 10 TMG sind wir als Diensteanbieter jedoch nicht verpflichtet, \u00fcbermittelte oder gespeicherte fremde Informationen zu \u00fcberwachen oder nach Umst\u00e4nden zu forschen, die auf eine rechtswidrige T\u00e4tigkeit hinweisen. Verpflichtungen zur Entfernung oder Sperrung der Nutzung von Informationen nach den allgemeinen Gesetzen bleiben hiervon unber\u00fchrt. Eine diesbez\u00fcgliche Haftung ist jedoch erst ab dem Zeitpunkt der Kenntnis einer konkreten Rechtsverletzung m\u00f6glich. Bei Bekanntwerden von entsprechenden Rechtsverletzungen werden wir diese Inhalte umgehend entfernen.<\/span><\/p><p><b>Haftung f\u00fcr Links<br \/><\/b><span style=\"color: var( --e-global-color-c3716db ); font-size: 1rem;\">Unser Angebot enth\u00e4lt Links zu externen Webseiten Dritter, auf deren Inhalte wir keinen Einfluss haben. Deshalb k\u00f6nnen wir f\u00fcr diese fremden Inhalte auch keine Gew\u00e4hr \u00fcbernehmen. F\u00fcr die Inhalte der verlinkten Seiten ist stets der jeweilige Anbieter oder Betreiber der Seiten verantwortlich. Die verlinkten Seiten wurden zum Zeitpunkt der Verlinkung auf m\u00f6gliche Rechtsverst\u00f6\u00dfe \u00fcberpr\u00fcft. Rechtswidrige Inhalte waren zum Zeitpunkt der Verlinkung nicht erkennbar. Eine permanente inhaltliche Kontrolle der verlinkten Seiten ist jedoch ohne konkrete Anhaltspunkte einer Rechtsverletzung nicht zumutbar. Bei Bekanntwerden von Rechtsverletzungen werden wir derartige Links umgehend entfernen.<\/span><\/p><p><b>Urheberrecht<br \/><\/b><span style=\"color: var( --e-global-color-c3716db ); font-size: 1rem;\">Die durch die Seitenbetreiber erstellten Inhalte und Werke auf diesen Seiten unterliegen dem deutschen Urheberrecht. Die Vervielf\u00e4ltigung, Bearbeitung, Verbreitung und jede Art der Verwertung au\u00dferhalb der Grenzen des Urheberrechtes bed\u00fcrfen der schriftlichen Zustimmung des jeweiligen Autors bzw. Erstellers. Downloads und Kopien dieser Seite sind nur f\u00fcr den privaten, nicht kommerziellen Gebrauch gestattet. Soweit die Inhalte auf dieser Seite nicht vom Betreiber erstellt wurden, werden die Urheberrechte Dritter beachtet. Insbesondere werden Inhalte Dritter als solche gekennzeichnet. Sollten Sie trotzdem auf eine Urheberrechtsverletzung aufmerksam werden, bitten wir um einen entsprechenden Hinweis. Bei Bekanntwerden von Rechtsverletzungen werden wir derartige Inhalte umgehend entfernen.<\/span><\/p><p><b>Bildnachweis<\/b><br \/>https:\/\/freepik.com\/<\/p>\t\t\t\t\t\t<\/div>\n\t\t\t\t<\/div>\n\t\t\t\t\t<\/div>\n\t\t<\/div>\n\t\t\t\t\t\t\t<\/div>\n\t\t<\/section>\n\t\t\t\t\t\t\t<\/div>\n\t\t","protected":false},"excerpt":{"rendered":"<p>Angaben gem\u00e4\u00df \u00a7 5 TMG: Weltreise durch Wohnzimmer e.V.Am Wieksbach 3233378 Rheda-Wiedenbr\u00fcck Vertreten durch:Catrin Geldmacher, Patricia Brinkrolf, Michael Geldmacher Kontakt:Telefon: 0171 3893241info@weltreisedurch.de Registereintr\u00e4ge:Der Verein Weltreise durch Wohnzimmer e.V. ist eingetragen im Amtsgericht von G\u00fctersloh, VR 1591. Die Marke \u201eWeltreise durch Wohnzimmer\u201c ist eingetragen beim Deutschen Patent- und Markenamt unter der Registernummer 302012052657.8. Verantwortlich f\u00fcr den [&hellip;]<\/p>\n","protected":false},"author":1,"featured_media":0,"parent":0,"menu_order":0,"comment_status":"closed","ping_status":"closed","template":"","meta":{"footnotes":""},"class_list":["post-789","page","type-page","status-publish","hentry"],"_links":{"self":[{"href":"http:\/\/worldpeacematrix.com\/en\/wp-json\/wp\/v2\/pages\/789","targetHints":{"allow":["GET"]}}],"collection":[{"href":"http:\/\/worldpeacematrix.com\/en\/wp-json\/wp\/v2\/pages"}],"about":[{"href":"http:\/\/worldpeacematrix.com\/en\/wp-json\/wp\/v2\/types\/page"}],"author":[{"embeddable":true,"href":"http:\/\/worldpeacematrix.com\/en\/wp-json\/wp\/v2\/users\/1"}],"replies":[{"embeddable":true,"href":"http:\/\/worldpeacematrix.com\/en\/wp-json\/wp\/v2\/comments?post=789"}],"version-history":[{"count":7,"href":"http:\/\/worldpeacematrix.com\/en\/wp-json\/wp\/v2\/pages\/789\/revisions"}],"predecessor-version":[{"id":1274,"href":"http:\/\/worldpeacematrix.com\/en\/wp-json\/wp\/v2\/pages\/789\/revisions\/1274"}],"wp:attachment":[{"href":"http:\/\/worldpeacematrix.com\/en\/wp-json\/wp\/v2\/media?parent=789"}],"curies":[{"name":"wp","href":"https:\/\/api.w.org\/{rel}","templated":true}]}}